{"id":2078,"date":"2023-11-28T14:02:18","date_gmt":"2023-11-28T13:02:18","guid":{"rendered":"https:\/\/kabiabaztan.eus\/nuestra-historia\/"},"modified":"2024-03-05T08:59:52","modified_gmt":"2024-03-05T07:59:52","slug":"nuestra-historia","status":"publish","type":"page","link":"https:\/\/kabiabaztan.eus\/es\/nuestra-historia\/","title":{"rendered":"Nuestra historia"},"content":{"rendered":"\t\t<div data-elementor-type=\"wp-page\" data-elementor-id=\"2078\" class=\"elementor elementor-2078 elementor-1044\" data-elementor-post-type=\"page\">\n\t\t\t\t\t\t<section class=\"elementor-section elementor-top-section elementor-element elementor-element-c480eec elementor-section-full_width elementor-section-height-min-height elementor-section-items-top elementor-section-height-default\" data-id=\"c480eec\" data-element_type=\"section\" data-settings=\"{&quot;background_background&quot;:&quot;classic&quot;}\">\n\t\t\t\t\t\t<div class=\"elementor-container elementor-column-gap-no\">\n\t\t\t\t\t<div class=\"elementor-column elementor-col-50 elementor-top-column elementor-element elementor-element-b34d6c6\" data-id=\"b34d6c6\" data-element_type=\"column\">\n\t\t\t<div class=\"elementor-widget-wrap elementor-element-populated\">\n\t\t\t\t\t\t<div class=\"elementor-element elementor-element-f099328 elementor-widget elementor-widget-heading\" data-id=\"f099328\" data-element_type=\"widget\" data-widget_type=\"heading.default\">\n\t\t\t\t<div class=\"elementor-widget-container\">\n\t\t\t<style>\/*! elementor - v3.20.0 - 26-03-2024 *\/\n.elementor-heading-title{padding:0;margin:0;line-height:1}.elementor-widget-heading .elementor-heading-title[class*=elementor-size-]>a{color:inherit;font-size:inherit;line-height:inherit}.elementor-widget-heading .elementor-heading-title.elementor-size-small{font-size:15px}.elementor-widget-heading .elementor-heading-title.elementor-size-medium{font-size:19px}.elementor-widget-heading .elementor-heading-title.elementor-size-large{font-size:29px}.elementor-widget-heading .elementor-heading-title.elementor-size-xl{font-size:39px}.elementor-widget-heading .elementor-heading-title.elementor-size-xxl{font-size:59px}<\/style><h2 class=\"elementor-heading-title elementor-size-default\">Nacimiento de Kabia<\/h2>\t\t<\/div>\n\t\t\t\t<\/div>\n\t\t\t\t<div class=\"elementor-element elementor-element-a364f44 elementor-widget elementor-widget-text-editor\" data-id=\"a364f44\" data-element_type=\"widget\" data-widget_type=\"text-editor.default\">\n\t\t\t\t<div class=\"elementor-widget-container\">\n\t\t\t<style>\/*! elementor - v3.20.0 - 26-03-2024 *\/\n.elementor-widget-text-editor.elementor-drop-cap-view-stacked .elementor-drop-cap{background-color:#69727d;color:#fff}.elementor-widget-text-editor.elementor-drop-cap-view-framed .elementor-drop-cap{color:#69727d;border:3px solid;background-color:transparent}.elementor-widget-text-editor:not(.elementor-drop-cap-view-default) .elementor-drop-cap{margin-top:8px}.elementor-widget-text-editor:not(.elementor-drop-cap-view-default) .elementor-drop-cap-letter{width:1em;height:1em}.elementor-widget-text-editor .elementor-drop-cap{float:left;text-align:center;line-height:1;font-size:50px}.elementor-widget-text-editor .elementor-drop-cap-letter{display:inline-block}<\/style>\t\t\t\t<p>El proyecto KABIA se lanz\u00f3 hace unos a\u00f1os. A principios de 2019 empezamos con la obra, aunque ya llev\u00e1bamos algunos a\u00f1os desarrollando el proyecto. Ten\u00edamos claro que estilo de vida quer\u00edamos. Nos cost\u00f3 mucho esfuerzo, pero pudimos hacer realidad nuestro sue\u00f1o.<\/p>\n<p>Este caser\u00edo grande que hemos reformado es del siglo XVII . Estaba muy deteriorada y como la organizaci\u00f3n \u00abPr\u00edncipe de Viana\u00bb la considera un edificio hist\u00f3rico de segundo grado, el dise\u00f1o y la reconstrucci\u00f3n ha tenido m\u00e1s obst\u00e1culos que ayudas. Estamos muy orgullosos de hacer realidad nuestros sue\u00f1os y nos gustar\u00eda compartir este orgullo con todos vosotros y vosotras.<\/p>\n<p>El motivo de denominar Kabia a la casa rural viene de ofrecer la posibilidad de disfrutar de la zona de Baztan a partir de un acogedor nido, pero el nombre original del caser\u00edo es Aldekoa.<\/p>\n<p>Durante todos estos siglos han vivido diferentes familias y la \u00faltima de ellas fue la familia Larramendi C\u00f3rdoba que aparece en la foto.<\/p>\n<p>Los y las descendientes de la familia Larramendi C\u00f3rdoba no tuvieron hijos. Al fallecer el \u00faltimo de los hermanos y al ser nosotros los familiares m\u00e1s cercanos decidieron dejarnos en herencoia la casa con una \u00fanica condici\u00f3n, \u00abcuidar la casa\u00bb.<\/p>\n<p>A la casa se le debe respeto, la casa no es nuestra, nosotros somos de la casa. Nosotros nos iremos, pero la casa se quedar\u00e1 ah\u00ed.<\/p>\n\t\t\t\t\t\t<\/div>\n\t\t\t\t<\/div>\n\t\t\t\t\t<\/div>\n\t\t<\/div>\n\t\t\t\t<div class=\"elementor-column elementor-col-50 elementor-top-column elementor-element elementor-element-7123bf1\" data-id=\"7123bf1\" data-element_type=\"column\" data-settings=\"{&quot;background_background&quot;:&quot;classic&quot;}\">\n\t\t\t<div class=\"elementor-widget-wrap elementor-element-populated\">\n\t\t\t\t\t\t<div class=\"elementor-element elementor-element-8428eb3 uael-ins-normal elementor-widget elementor-widget-uael-image-gallery\" data-id=\"8428eb3\" data-element_type=\"widget\" data-settings=\"{&quot;slides_to_show&quot;:1,&quot;slides_to_show_tablet&quot;:3,&quot;slides_to_show_mobile&quot;:2,&quot;slides_to_scroll&quot;:1,&quot;slides_to_scroll_tablet&quot;:1,&quot;slides_to_scroll_mobile&quot;:1,&quot;column_gap&quot;:{&quot;unit&quot;:&quot;px&quot;,&quot;size&quot;:20,&quot;sizes&quot;:[]},&quot;column_gap_laptop&quot;:{&quot;unit&quot;:&quot;px&quot;,&quot;size&quot;:&quot;&quot;,&quot;sizes&quot;:[]},&quot;column_gap_tablet&quot;:{&quot;unit&quot;:&quot;px&quot;,&quot;size&quot;:&quot;&quot;,&quot;sizes&quot;:[]},&quot;column_gap_mobile&quot;:{&quot;unit&quot;:&quot;px&quot;,&quot;size&quot;:&quot;&quot;,&quot;sizes&quot;:[]}}\" data-widget_type=\"uael-image-gallery.default\">\n\t\t\t\t<div class=\"elementor-widget-container\">\n\t\t\t<div class=\"uael-gallery-parent uael-caption- uael-gallery-unjustified\"><div data-image_carousel=\"{&quot;slidesToShow&quot;:1,&quot;slidesToScroll&quot;:1,&quot;autoplaySpeed&quot;:5000,&quot;autoplay&quot;:true,&quot;infinite&quot;:true,&quot;pauseOnHover&quot;:true,&quot;speed&quot;:500,&quot;arrows&quot;:false,&quot;dots&quot;:false,&quot;rtl&quot;:false,&quot;responsive&quot;:[{&quot;breakpoint&quot;:1024,&quot;settings&quot;:{&quot;slidesToShow&quot;:3,&quot;slidesToScroll&quot;:1}},{&quot;breakpoint&quot;:767,&quot;settings&quot;:{&quot;slidesToShow&quot;:2,&quot;slidesToScroll&quot;:1}}]}\" class=\"uael-img-gallery-wrap uael-img-carousel-wrap uael-nav-none uael-image-lightbox-wrap\" data-filter-default=\"All\" data-lightbox_actions=\"[&quot;close&quot;]\" data-lightbox-gallery-loop=\"\"><div class=\"uael-grid-item  uael-img-gallery-item-1\"><div class=\"uael-grid-item-content\"><a class=\"uael-grid-img uael-grid-gallery-img uael-ins-hover elementor-clickable\" data-fancybox=\"uael-gallery\" href=\"https:\/\/kabiabaztan.eus\/wp-content\/uploads\/2024\/03\/kabia-zaharra.jpg\" data-elementor-open-lightbox=\"no\"><div class=\"uael-grid-img-thumbnail uael-ins-target\"><img fetchpriority=\"high\" decoding=\"async\" width=\"960\" height=\"541\" src=\"https:\/\/kabiabaztan.eus\/wp-content\/uploads\/2024\/03\/kabia-zaharra.jpg\" class=\"attachment-full size-full wp-image-2038\" alt=\"\" srcset=\"https:\/\/kabiabaztan.eus\/wp-content\/uploads\/2024\/03\/kabia-zaharra.jpg 960w, https:\/\/kabiabaztan.eus\/wp-content\/uploads\/2024\/03\/kabia-zaharra-800x451.jpg 800w, https:\/\/kabiabaztan.eus\/wp-content\/uploads\/2024\/03\/kabia-zaharra-768x433.jpg 768w, https:\/\/kabiabaztan.eus\/wp-content\/uploads\/2024\/03\/kabia-zaharra-600x338.jpg 600w\" sizes=\"(max-width: 960px) 100vw, 960px\" \/><\/div><div class=\"uael-grid-img-overlay\"><\/div><\/a><\/div><\/div><div class=\"uael-grid-item  uael-img-gallery-item-2\"><div class=\"uael-grid-item-content\"><a class=\"uael-grid-img uael-grid-gallery-img uael-ins-hover elementor-clickable\" data-fancybox=\"uael-gallery\" href=\"https:\/\/kabiabaztan.eus\/wp-content\/uploads\/2024\/02\/kabiaren-sorrera.jpg\" data-elementor-open-lightbox=\"no\"><div class=\"uael-grid-img-thumbnail uael-ins-target\"><img decoding=\"async\" width=\"880\" height=\"666\" src=\"https:\/\/kabiabaztan.eus\/wp-content\/uploads\/2024\/02\/kabiaren-sorrera.jpg\" class=\"attachment-full size-full wp-image-1337\" alt=\"\" srcset=\"https:\/\/kabiabaztan.eus\/wp-content\/uploads\/2024\/02\/kabiaren-sorrera.jpg 880w, https:\/\/kabiabaztan.eus\/wp-content\/uploads\/2024\/02\/kabiaren-sorrera-800x605.jpg 800w, https:\/\/kabiabaztan.eus\/wp-content\/uploads\/2024\/02\/kabiaren-sorrera-768x581.jpg 768w, https:\/\/kabiabaztan.eus\/wp-content\/uploads\/2024\/02\/kabiaren-sorrera-600x454.jpg 600w\" sizes=\"(max-width: 880px) 100vw, 880px\" \/><\/div><div class=\"uael-grid-img-overlay\"><\/div><\/a><\/div><\/div><\/div><\/div>\t\t<\/div>\n\t\t\t\t<\/div>\n\t\t\t\t\t<\/div>\n\t\t<\/div>\n\t\t\t\t\t<\/div>\n\t\t<\/section>\n\t\t\t\t<\/div>\n\t\t","protected":false},"excerpt":{"rendered":"<p>Nacimiento de Kabia El proyecto KABIA se lanz\u00f3 hace unos a\u00f1os. A principios de 2019 empezamos con la obra, aunque ya llev\u00e1bamos algunos a\u00f1os desarrollando el proyecto. Ten\u00edamos claro que estilo de vida quer\u00edamos. Nos cost\u00f3 mucho esfuerzo, pero pudimos hacer realidad nuestro sue\u00f1o. Este caser\u00edo grande que hemos reformado es del siglo XVII . [&hellip;]<\/p>\n","protected":false},"author":1,"featured_media":0,"parent":0,"menu_order":0,"comment_status":"closed","ping_status":"closed","template":"","meta":{"site-sidebar-layout":"no-sidebar","site-content-layout":"page-builder","ast-site-content-layout":"","site-content-style":"default","site-sidebar-style":"default","ast-global-header-display":"","ast-banner-title-visibility":"","ast-main-header-display":"","ast-hfb-above-header-display":"","ast-hfb-below-header-display":"","ast-hfb-mobile-header-display":"","site-post-title":"disabled","ast-breadcrumbs-content":"","ast-featured-img":"disabled","footer-sml-layout":"","theme-transparent-header-meta":"","adv-header-id-meta":"","stick-header-meta":"","header-above-stick-meta":"","header-main-stick-meta":"","header-below-stick-meta":"","astra-migrate-meta-layouts":"default","ast-page-background-enabled":"default","ast-page-background-meta":{"desktop":{"background-color":"var(--ast-global-color-4)","background-image":"","background-repeat":"repeat","background-position":"center center","background-size":"auto","background-attachment":"scroll","background-type":"","background-media":"","overlay-type":"","overlay-color":"","overlay-gradient":""},"tablet":{"background-color":"","background-image":"","background-repeat":"repeat","background-position":"center center","background-size":"auto","background-attachment":"scroll","background-type":"","background-media":"","overlay-type":"","overlay-color":"","overlay-gradient":""},"mobile":{"background-color":"","background-image":"","background-repeat":"repeat","background-position":"center center","background-size":"auto","background-attachment":"scroll","background-type":"","background-media":"","overlay-type":"","overlay-color":"","overlay-gradient":""}},"ast-content-background-meta":{"desktop":{"background-color":"var(--ast-global-color-5)","background-image":"","background-repeat":"repeat","background-position":"center center","background-size":"auto","background-attachment":"scroll","background-type":"","background-media":"","overlay-type":"","overlay-color":"","overlay-gradient":""},"tablet":{"background-color":"var(--ast-global-color-5)","background-image":"","background-repeat":"repeat","background-position":"center center","background-size":"auto","background-attachment":"scroll","background-type":"","background-media":"","overlay-type":"","overlay-color":"","overlay-gradient":""},"mobile":{"background-color":"var(--ast-global-color-5)","background-image":"","background-repeat":"repeat","background-position":"center center","background-size":"auto","background-attachment":"scroll","background-type":"","background-media":"","overlay-type":"","overlay-color":"","overlay-gradient":""}},"footnotes":""},"yoast_head":"<!-- This site is optimized with the Yoast SEO plugin v22.4 - https:\/\/yoast.com\/wordpress\/plugins\/seo\/ -->\n<title>Nuestra historia - Casa rural Kabia Baztan<\/title>\n<meta name=\"robots\" content=\"index, follow, max-snippet:-1, max-image-preview:large, max-video-preview:-1\" \/>\n<link rel=\"canonical\" href=\"https:\/\/kabiabaztan.eus\/es\/nuestra-historia\/\" \/>\n<meta property=\"og:locale\" content=\"es_ES\" \/>\n<meta property=\"og:type\" content=\"article\" \/>\n<meta property=\"og:title\" content=\"Nuestra historia - Casa rural Kabia Baztan\" \/>\n<meta property=\"og:description\" content=\"Nacimiento de Kabia El proyecto KABIA se lanz\u00f3 hace unos a\u00f1os. A principios de 2019 empezamos con la obra, aunque ya llev\u00e1bamos algunos a\u00f1os desarrollando el proyecto. Ten\u00edamos claro que estilo de vida quer\u00edamos. Nos cost\u00f3 mucho esfuerzo, pero pudimos hacer realidad nuestro sue\u00f1o. Este caser\u00edo grande que hemos reformado es del siglo XVII . [&hellip;]\" \/>\n<meta property=\"og:url\" content=\"https:\/\/kabiabaztan.eus\/es\/nuestra-historia\/\" \/>\n<meta property=\"og:site_name\" content=\"Casa rural Kabia Baztan\" \/>\n<meta property=\"article:publisher\" content=\"https:\/\/www.facebook.com\/kabiabaztan\/\" \/>\n<meta property=\"article:modified_time\" content=\"2024-03-05T07:59:52+00:00\" \/>\n<meta property=\"og:image\" content=\"https:\/\/kabiabaztan.eus\/wp-content\/uploads\/2024\/03\/kabia-zaharra.jpg\" \/>\n<meta name=\"twitter:card\" content=\"summary_large_image\" \/>\n<meta name=\"twitter:site\" content=\"@kabiabaztan\" \/>\n<meta name=\"twitter:label1\" content=\"Tiempo de lectura\" \/>\n\t<meta name=\"twitter:data1\" content=\"1 minuto\" \/>\n<script type=\"application\/ld+json\" class=\"yoast-schema-graph\">{\"@context\":\"https:\/\/schema.org\",\"@graph\":[{\"@type\":\"WebPage\",\"@id\":\"https:\/\/kabiabaztan.eus\/es\/nuestra-historia\/\",\"url\":\"https:\/\/kabiabaztan.eus\/es\/nuestra-historia\/\",\"name\":\"Nuestra historia - Casa rural Kabia Baztan\",\"isPartOf\":{\"@id\":\"https:\/\/kabiabaztan.eus\/es\/#website\"},\"primaryImageOfPage\":{\"@id\":\"https:\/\/kabiabaztan.eus\/es\/nuestra-historia\/#primaryimage\"},\"image\":{\"@id\":\"https:\/\/kabiabaztan.eus\/es\/nuestra-historia\/#primaryimage\"},\"thumbnailUrl\":\"https:\/\/kabiabaztan.eus\/wp-content\/uploads\/2024\/03\/kabia-zaharra.jpg\",\"datePublished\":\"2023-11-28T13:02:18+00:00\",\"dateModified\":\"2024-03-05T07:59:52+00:00\",\"breadcrumb\":{\"@id\":\"https:\/\/kabiabaztan.eus\/es\/nuestra-historia\/#breadcrumb\"},\"inLanguage\":\"es\",\"potentialAction\":[{\"@type\":\"ReadAction\",\"target\":[\"https:\/\/kabiabaztan.eus\/es\/nuestra-historia\/\"]}]},{\"@type\":\"ImageObject\",\"inLanguage\":\"es\",\"@id\":\"https:\/\/kabiabaztan.eus\/es\/nuestra-historia\/#primaryimage\",\"url\":\"https:\/\/kabiabaztan.eus\/wp-content\/uploads\/2024\/03\/kabia-zaharra.jpg\",\"contentUrl\":\"https:\/\/kabiabaztan.eus\/wp-content\/uploads\/2024\/03\/kabia-zaharra.jpg\"},{\"@type\":\"BreadcrumbList\",\"@id\":\"https:\/\/kabiabaztan.eus\/es\/nuestra-historia\/#breadcrumb\",\"itemListElement\":[{\"@type\":\"ListItem\",\"position\":1,\"name\":\"Home\",\"item\":\"https:\/\/kabiabaztan.eus\/es\/\"},{\"@type\":\"ListItem\",\"position\":2,\"name\":\"Nuestra historia\"}]},{\"@type\":\"WebSite\",\"@id\":\"https:\/\/kabiabaztan.eus\/es\/#website\",\"url\":\"https:\/\/kabiabaztan.eus\/es\/\",\"name\":\"Casa rural Kabia Baztan\",\"description\":\"\",\"publisher\":{\"@id\":\"https:\/\/kabiabaztan.eus\/es\/#organization\"},\"potentialAction\":[{\"@type\":\"SearchAction\",\"target\":{\"@type\":\"EntryPoint\",\"urlTemplate\":\"https:\/\/kabiabaztan.eus\/es\/?s={search_term_string}\"},\"query-input\":\"required name=search_term_string\"}],\"inLanguage\":\"es\"},{\"@type\":\"Organization\",\"@id\":\"https:\/\/kabiabaztan.eus\/es\/#organization\",\"name\":\"Kabia Landetxea\",\"alternateName\":\"Kabia Landetxea\",\"url\":\"https:\/\/kabiabaztan.eus\/es\/\",\"logo\":{\"@type\":\"ImageObject\",\"inLanguage\":\"es\",\"@id\":\"https:\/\/kabiabaztan.eus\/es\/#\/schema\/logo\/image\/\",\"url\":\"https:\/\/kabiabaztan.eus\/wp-content\/uploads\/2023\/06\/Kabia-logoa-e1692789425993.png\",\"contentUrl\":\"https:\/\/kabiabaztan.eus\/wp-content\/uploads\/2023\/06\/Kabia-logoa-e1692789425993.png\",\"width\":474,\"height\":516,\"caption\":\"Kabia Landetxea\"},\"image\":{\"@id\":\"https:\/\/kabiabaztan.eus\/es\/#\/schema\/logo\/image\/\"},\"sameAs\":[\"https:\/\/www.facebook.com\/kabiabaztan\/\",\"https:\/\/twitter.com\/kabiabaztan\",\"https:\/\/www.instagram.com\/kabiabaztan\/\"]}]}<\/script>\n<!-- \/ Yoast SEO plugin. -->","yoast_head_json":{"title":"Nuestra historia - Casa rural Kabia Baztan","robots":{"index":"index","follow":"follow","max-snippet":"max-snippet:-1","max-image-preview":"max-image-preview:large","max-video-preview":"max-video-preview:-1"},"canonical":"https:\/\/kabiabaztan.eus\/es\/nuestra-historia\/","og_locale":"es_ES","og_type":"article","og_title":"Nuestra historia - Casa rural Kabia Baztan","og_description":"Nacimiento de Kabia El proyecto KABIA se lanz\u00f3 hace unos a\u00f1os. A principios de 2019 empezamos con la obra, aunque ya llev\u00e1bamos algunos a\u00f1os desarrollando el proyecto. Ten\u00edamos claro que estilo de vida quer\u00edamos. Nos cost\u00f3 mucho esfuerzo, pero pudimos hacer realidad nuestro sue\u00f1o. Este caser\u00edo grande que hemos reformado es del siglo XVII . [&hellip;]","og_url":"https:\/\/kabiabaztan.eus\/es\/nuestra-historia\/","og_site_name":"Casa rural Kabia Baztan","article_publisher":"https:\/\/www.facebook.com\/kabiabaztan\/","article_modified_time":"2024-03-05T07:59:52+00:00","og_image":[{"url":"https:\/\/kabiabaztan.eus\/wp-content\/uploads\/2024\/03\/kabia-zaharra.jpg"}],"twitter_card":"summary_large_image","twitter_site":"@kabiabaztan","twitter_misc":{"Tiempo de lectura":"1 minuto"},"schema":{"@context":"https:\/\/schema.org","@graph":[{"@type":"WebPage","@id":"https:\/\/kabiabaztan.eus\/es\/nuestra-historia\/","url":"https:\/\/kabiabaztan.eus\/es\/nuestra-historia\/","name":"Nuestra historia - Casa rural Kabia Baztan","isPartOf":{"@id":"https:\/\/kabiabaztan.eus\/es\/#website"},"primaryImageOfPage":{"@id":"https:\/\/kabiabaztan.eus\/es\/nuestra-historia\/#primaryimage"},"image":{"@id":"https:\/\/kabiabaztan.eus\/es\/nuestra-historia\/#primaryimage"},"thumbnailUrl":"https:\/\/kabiabaztan.eus\/wp-content\/uploads\/2024\/03\/kabia-zaharra.jpg","datePublished":"2023-11-28T13:02:18+00:00","dateModified":"2024-03-05T07:59:52+00:00","breadcrumb":{"@id":"https:\/\/kabiabaztan.eus\/es\/nuestra-historia\/#breadcrumb"},"inLanguage":"es","potentialAction":[{"@type":"ReadAction","target":["https:\/\/kabiabaztan.eus\/es\/nuestra-historia\/"]}]},{"@type":"ImageObject","inLanguage":"es","@id":"https:\/\/kabiabaztan.eus\/es\/nuestra-historia\/#primaryimage","url":"https:\/\/kabiabaztan.eus\/wp-content\/uploads\/2024\/03\/kabia-zaharra.jpg","contentUrl":"https:\/\/kabiabaztan.eus\/wp-content\/uploads\/2024\/03\/kabia-zaharra.jpg"},{"@type":"BreadcrumbList","@id":"https:\/\/kabiabaztan.eus\/es\/nuestra-historia\/#breadcrumb","itemListElement":[{"@type":"ListItem","position":1,"name":"Home","item":"https:\/\/kabiabaztan.eus\/es\/"},{"@type":"ListItem","position":2,"name":"Nuestra historia"}]},{"@type":"WebSite","@id":"https:\/\/kabiabaztan.eus\/es\/#website","url":"https:\/\/kabiabaztan.eus\/es\/","name":"Casa rural Kabia Baztan","description":"","publisher":{"@id":"https:\/\/kabiabaztan.eus\/es\/#organization"},"potentialAction":[{"@type":"SearchAction","target":{"@type":"EntryPoint","urlTemplate":"https:\/\/kabiabaztan.eus\/es\/?s={search_term_string}"},"query-input":"required name=search_term_string"}],"inLanguage":"es"},{"@type":"Organization","@id":"https:\/\/kabiabaztan.eus\/es\/#organization","name":"Kabia Landetxea","alternateName":"Kabia Landetxea","url":"https:\/\/kabiabaztan.eus\/es\/","logo":{"@type":"ImageObject","inLanguage":"es","@id":"https:\/\/kabiabaztan.eus\/es\/#\/schema\/logo\/image\/","url":"https:\/\/kabiabaztan.eus\/wp-content\/uploads\/2023\/06\/Kabia-logoa-e1692789425993.png","contentUrl":"https:\/\/kabiabaztan.eus\/wp-content\/uploads\/2023\/06\/Kabia-logoa-e1692789425993.png","width":474,"height":516,"caption":"Kabia Landetxea"},"image":{"@id":"https:\/\/kabiabaztan.eus\/es\/#\/schema\/logo\/image\/"},"sameAs":["https:\/\/www.facebook.com\/kabiabaztan\/","https:\/\/twitter.com\/kabiabaztan","https:\/\/www.instagram.com\/kabiabaztan\/"]}]}},"_links":{"self":[{"href":"https:\/\/kabiabaztan.eus\/es\/wp-json\/wp\/v2\/pages\/2078"}],"collection":[{"href":"https:\/\/kabiabaztan.eus\/es\/wp-json\/wp\/v2\/pages"}],"about":[{"href":"https:\/\/kabiabaztan.eus\/es\/wp-json\/wp\/v2\/types\/page"}],"author":[{"embeddable":true,"href":"https:\/\/kabiabaztan.eus\/es\/wp-json\/wp\/v2\/users\/1"}],"replies":[{"embeddable":true,"href":"https:\/\/kabiabaztan.eus\/es\/wp-json\/wp\/v2\/comments?post=2078"}],"version-history":[{"count":1,"href":"https:\/\/kabiabaztan.eus\/es\/wp-json\/wp\/v2\/pages\/2078\/revisions"}],"predecessor-version":[{"id":2079,"href":"https:\/\/kabiabaztan.eus\/es\/wp-json\/wp\/v2\/pages\/2078\/revisions\/2079"}],"wp:attachment":[{"href":"https:\/\/kabiabaztan.eus\/es\/wp-json\/wp\/v2\/media?parent=2078"}],"curies":[{"name":"wp","href":"https:\/\/api.w.org\/{rel}","templated":true}]}}